{"id":2961,"date":"2022-01-01T22:57:53","date_gmt":"2022-01-01T21:57:53","guid":{"rendered":"https:\/\/compendus.com\/?page_id=2961"},"modified":"2026-02-06T11:55:15","modified_gmt":"2026-02-06T10:55:15","slug":"impressum","status":"publish","type":"page","link":"https:\/\/compendus.com\/tr\/impressum\/","title":{"rendered":"K\u00fcnye"},"content":{"rendered":"<p><section id=\"bt_bb_section69f77776dfd3f\" class=\"bt_bb_section bt_bb_layout_boxed_1200 bt_bb_vertical_align_top bt_bb_top_spacing_large\" style=\"background-position:right;background-size:auto;\" data-bt-override-class=\"null\"><div class=\"bt_bb_background_image_holder_wrapper\"><div class=\"bt_bb_background_image_holder btLazyLoadBackground\"  data-background_image_src=\"https:\/\/compendus.com\/wp-content\/uploads\/2019\/04\/bgn-cases.png\" data-parallax-zoom-start=\"1\" data-parallax-zoom-end=\"1\" data-parallax-blur-start=\"0\" data-parallax-blur-end=\"0\" data-parallax-opacity-start=\"1\" data-parallax-opacity-end=\"1\" style=\" background-image: url(&#039;https:\/\/compendus.com\/wp-content\/plugins\/bold-page-builder\/img\/blank.gif&#039;);\"><\/div><\/div><div class=\"bt_bb_port\"><div class=\"bt_bb_cell\"><div class=\"bt_bb_cell_inner\"><div class=\"bt_bb_row\"  data-bt-override-class=\"{}\"><div class=\"bt_bb_row_holder\" ><div  class=\"bt_bb_column col-xl-12 col-xs-12 col-sm-12 col-md-12 col-lg-12 bt_bb_align_left bt_bb_vertical_align_top bt_bb_animation_fade_in animate bt_bb_padding_normal\"  data-width=\"12\" data-bt-override-class=\"{}\"><div class=\"bt_bb_column_content\"><header data-bb-version=\"5.5.9\" class=\"bt_bb_headline bt_bb_dash_top bt_bb_superheadline bt_bb_subheadline bt_bb_size_large bt_bb_align_inherit\" data-bt-override-class=\"{&quot;bt_bb_size_&quot;:{&quot;current_class&quot;:&quot;bt_bb_size_large&quot;,&quot;def&quot;:&quot;large&quot;},&quot;bt_bb_align_&quot;:{&quot;current_class&quot;:&quot;bt_bb_align_inherit&quot;,&quot;def&quot;:&quot;inherit&quot;},&quot;bt_bb_animation_&quot;:{&quot;current_class&quot;:&quot;bt_bb_animation_no_animation&quot;,&quot;def&quot;:&quot;no_animation&quot;}}\"><h2 class=\"bt_bb_headline_tag\"><span class=\"bt_bb_headline_superheadline\">Bizimle kolayca ileti\u015fime ge\u00e7in <\/span><span class=\"bt_bb_headline_content\"><span><b>YASAL<\/b><u>BILGILER<\/u><\/span><\/span><\/h2><div class=\"bt_bb_headline_subheadline\">COMPENDUS B\u0130L\u0130\u015e\u0130M TEKNOLOJ\u0130LER\u0130 \u0130THALAT VE \u0130HRACAT LTD.\u015eT\u0130.<\/p><br \/>\n<p>Genel M\u00fcd\u00fcr ve \u0130rtibat Ki\u015fisi Say\u0131n Burak \u00d6zarikan<\/p><br \/>\n<p>Akdeniz Mah. 39741 Sok.<br \/><br \/>\nAkdeniz Konutlar\u0131 7<br \/><br \/>\nC Blok K:3 D:5<br \/><br \/>\n33200 Mersin \/ Mezitli<\/p><br \/>\n<p>Telefon: +90 531 941 48 03<br \/><br \/>\nTelefon: +49 89 25 0077 13<br \/><br \/>\ninfo@compendus.com<\/div><\/header><div class=\"bt_bb_separator bt_bb_border_style_none bt_bb_top_spacing_small bt_bb_bottom_spacing_medium\" data-bt-override-class=\"null\"><\/div><\/div><\/div><\/div><\/div><\/div><!-- cell_inner --><\/div><!-- cell --><\/div><!-- port --><\/section><section id=\"bt_bb_section69f77776e0209\" class=\"bt_bb_section bt_bb_layout_boxed_1200 bt_bb_vertical_align_top bt_bb_bottom_spacing_medium bt_bb_section_show_right_boxed_content\"  data-bt-override-class=\"null\"><div class=\"bt_bb_port\"><div class=\"bt_bb_cell\"><div class=\"bt_bb_cell_inner\"><div class=\"bt_bb_row\"  data-bt-override-class=\"{}\"><div class=\"bt_bb_row_holder\" ><\/div><\/div><\/div><!-- cell_inner --><\/div><!-- cell --><\/div><!-- port --><\/section><section id=\"bt_bb_section69f77776e05c5\" class=\"bt_bb_section bt_bb_layout_boxed_1200 bt_bb_vertical_align_top bt_bb_top_section_coverage_image bt_bb_section_with_top_coverage_image bt_bb_top_spacing_medium bt_bb_bottom_spacing_large\" style=\";background-color:#f5f5f5;\" data-bt-override-class=\"null\"><div class=\"bt_bb_port\"><div class=\"bt_bb_cell\"><div class=\"bt_bb_cell_inner\"><div class=\"bt_bb_row\"  data-bt-override-class=\"{}\"><div class=\"bt_bb_row_holder\" ><div  class=\"bt_bb_column col-xl-6 bt_bb_align_left bt_bb_vertical_align_top bt_bb_animation_fade_in move_up animate bt_bb_padding_normal\"  data-width=\"6\" data-bt-override-class=\"{}\"><div class=\"bt_bb_column_content\"><div class=\"bt_bb_separator bt_bb_border_style_none bt_bb_bottom_spacing_medium\" data-bt-override-class=\"null\"><\/div><header data-bb-version=\"5.5.9\" class=\"bt_bb_headline bt_bb_dash_top bt_bb_subheadline bt_bb_size_large bt_bb_align_inherit\" data-bt-override-class=\"{&quot;bt_bb_size_&quot;:{&quot;current_class&quot;:&quot;bt_bb_size_large&quot;,&quot;def&quot;:&quot;large&quot;},&quot;bt_bb_align_&quot;:{&quot;current_class&quot;:&quot;bt_bb_align_inherit&quot;,&quot;def&quot;:&quot;inherit&quot;},&quot;bt_bb_animation_&quot;:{&quot;current_class&quot;:&quot;bt_bb_animation_no_animation&quot;,&quot;def&quot;:&quot;no_animation&quot;}}\"><h2 class=\"bt_bb_headline_tag translation-block\"><span class=\"bt_bb_headline_content\"><span><u>SORUMLULUK<\/u> <b>REDD\u0130<\/b> <\/span><\/span><\/h2><div class=\"bt_bb_headline_subheadline\">\u015eirket, Mersin\u2019de kay\u0131tl\u0131, T\u00fcrk hukukuna tabi bir Limited \u015eirkettir (Ltd. \u015eti.).<br \/><br \/>\nGesch\u00e4ftsf\u00fchrer: Burak \u00d6zarikan<\/p><br \/>\n<p>Foto: \u00a9 Mehmet Kamil, istockphoto<\/p><br \/>\n<p>Not: Compendus\u00ae Consulting, T\u00fcrkiye\u2019de ge\u00e7erli olan yasal resm\u00ee tatil g\u00fcnlerinde hizmet verememektedir.<\/p><br \/>\n<p class=\"translation-block\"><span class=\"bt_bb_headline_content\"><span><u>SORUMLULUK<\/u> <b>REDD\u0130<\/b> <\/span><\/span><\/p><br \/>\n<p>Bu web sitesinde yer alan i\u00e7eriklerin do\u011frulu\u011fu konusunda herhangi bir sorumluluk kabul edilmemektedir.\nBu web sitesi \u00fczerinden ba\u015fka internet sitelerine y\u00f6nlendirme yap\u0131lmas\u0131 h\u00e2linde, s\u00f6z konusu sitelerin i\u00e7eriklerinden dolay\u0131 herhangi bir sorumluluk \u00fcstlenilmez.\n\nZiyaret\u00e7ilerimizden, web sitemizde veya ba\u011flant\u0131 verilen sitelerde hukuka ya da genel ahlaka ayk\u0131r\u0131 i\u00e7erik bulunmas\u0131 durumunda, taraf\u0131m\u0131z\u0131 bilgilendirmelerini rica ederiz.<br \/><br \/>\n\u015eirketimiz hukuki dan\u0131\u015fmanl\u0131k hizmeti sunmamaktad\u0131r.<br \/><br \/>\n<\/div><\/header><div class=\"bt_bb_separator bt_bb_border_style_none bt_bb_bottom_spacing_medium\" data-bt-override-class=\"null\"><\/div><\/div><\/div><div  class=\"bt_bb_column col-xl-6 bt_bb_align_left bt_bb_vertical_align_top bt_bb_padding_normal\"  data-width=\"6\" data-bt-override-class=\"{}\"><div class=\"bt_bb_column_content\"><\/div><\/div><\/div><\/div><div class=\"bt_bb_row\"  data-bt-override-class=\"{}\"><div class=\"bt_bb_row_holder\" ><\/div><\/div><\/div><!-- cell_inner --><\/div><!-- cell --><\/div><!-- port --><div class=\"bt_bb_section_top_section_coverage_image\"><img decoding=\"async\" src=\"https:\/\/compendus.com\/wp-content\/uploads\/2019\/04\/bgn-triangle-top.png\" alt=\"bt_bb_section_top_section_coverage_image\" \/><\/div><\/section><section id=\"bt_bb_section69f77776e0eab\" class=\"bt_bb_section bt_bb_layout_boxed_1400 bt_bb_vertical_align_top bt_bb_bottom_spacing_large\" style=\";background-color:#f5f5f5;background-position:bottom;\" data-bt-override-class=\"null\"><div class=\"bt_bb_background_image_holder_wrapper\"><div class=\"bt_bb_background_image_holder btLazyLoadBackground\"  data-background_image_src=\"https:\/\/compendus.com\/wp-content\/uploads\/2019\/04\/bgn-searching.png\" data-parallax-zoom-start=\"1\" data-parallax-zoom-end=\"1\" data-parallax-blur-start=\"0\" data-parallax-blur-end=\"0\" data-parallax-opacity-start=\"1\" data-parallax-opacity-end=\"1\" style=\" background-image: url(&#039;https:\/\/compendus.com\/wp-content\/plugins\/bold-page-builder\/img\/blank.gif&#039;);\"><\/div><\/div><div class=\"bt_bb_port\"><div class=\"bt_bb_cell\"><div class=\"bt_bb_cell_inner\"><div class=\"bt_bb_row\"  data-bt-override-class=\"{}\"><div class=\"bt_bb_row_holder\" ><div  class=\"bt_bb_column col-xl-12 bt_bb_align_left bt_bb_vertical_align_top bt_bb_padding_normal btLazyLoadBackground bt_bb_column_background_image\" style=\"background-color:rgba(33, 88, 119, 1);background-image:url(&#039;https:\/\/compendus.com\/wp-content\/plugins\/bold-page-builder\/img\/blank.gif&#039;);\" data-background_image_src='https:\/\/compendus.com\/wp-content\/uploads\/2019\/04\/bgn-searching.jpg' data-width=\"12\" data-bt-override-class=\"{}\"><div class=\"bt_bb_column_content\"><div class=\"bt_bb_separator bt_bb_border_style_none bt_bb_top_spacing_medium bt_bb_bottom_spacing_medium\" data-bt-override-class=\"null\"><\/div><div class=\"bt_bb_row_inner bt_bb_hidden_xs bt_bb_hidden_ms bt_bb_hidden_sm\" style=\"max-width: 1200px; margin-left: auto; margin-right: auto;\"  data-bt-override-class=\"{}\"><div class=\"bt_bb_row_inner_holder\"  ><div  class=\"bt_bb_column_inner col-xl-8 bt_bb_align_left bt_bb_vertical_align_top bt_bb_animation_fade_in animate bt_bb_padding_normal\"  data-width=\"8\" data-bt-override-class=\"{}\"><div class=\"bt_bb_column_inner_content\"><header class=\"bt_bb_headline bt_bb_color_scheme_1 bt_bb_dash_top bt_bb_superheadline bt_bb_superheadline_outside bt_bb_size_medium bt_bb_align_inherit\" style=\"; --primary-color:#ffffff; --secondary-color:#191919;\" data-bt-override-class=\"{&quot;bt_bb_size_&quot;:{&quot;current_class&quot;:&quot;bt_bb_size_medium&quot;,&quot;def&quot;:&quot;medium&quot;,&quot;xl&quot;:&quot;medium&quot;},&quot;bt_bb_align_&quot;:{&quot;current_class&quot;:&quot;bt_bb_align_inherit&quot;,&quot;def&quot;:&quot;inherit&quot;,&quot;xl&quot;:&quot;inherit&quot;}}\"><div class=\"bt_bb_headline_superheadline_outside\"><span class=\"bt_bb_headline_superheadline\">HIZLI BIR \u015eEKILDE \u00c7\u00d6Z\u00dcM ALIN<\/span><\/div><h3 class=\"bt_bb_headline_tag\"><span class=\"bt_bb_headline_content\"><span>Birinci s\u0131n\u0131f bir dan\u0131\u015fman m\u0131 ar\u0131yorsunuz?<\/span><\/span><\/h3><\/header><\/div><\/div><div  class=\"bt_bb_column_inner col-xl-4 bt_bb_align_left bt_bb_vertical_align_middle bt_bb_animation_fade_in animate bt_bb_padding_normal\"  data-width=\"4\" data-bt-override-class=\"{}\"><div class=\"bt_bb_column_inner_content\"><div class=\"bt_bb_button bt_bb_color_scheme_6 bt_bb_icon_position_left bt_bb_style_filled bt_bb_size_normal bt_bb_width_inline bt_bb_shape_inherit bt_bb_target_self bt_bb_align_right\" style=\"; --primary-color:#ffffff; --secondary-color:#e94d65;\" data-bt-override-class=\"{&quot;bt_bb_size_&quot;:{&quot;current_class&quot;:&quot;bt_bb_size_normal&quot;,&quot;def&quot;:&quot;normal&quot;,&quot;xl&quot;:&quot;normal&quot;},&quot;bt_bb_align_&quot;:{&quot;current_class&quot;:&quot;bt_bb_align_right&quot;,&quot;def&quot;:&quot;right&quot;,&quot;xl&quot;:&quot;right&quot;}}\"><a href=\"#\" target=\"_self\" class=\"bt_bb_link\" title=\"Buradan fiyat teklifi isteyin\"><span class=\"bt_bb_button_text\" >Buradan fiyat teklifi isteyin<\/span><\/a><\/div><\/div><\/div><\/div><\/div><div class=\"bt_bb_row_inner bt_bb_hidden_md bt_bb_hidden_lg\" style=\"max-width: 1200px; margin-left: auto; margin-right: auto;\"  data-bt-override-class=\"{}\"><div class=\"bt_bb_row_inner_holder\"  ><div  class=\"bt_bb_column_inner col-xl-12 bt_bb_align_center bt_bb_vertical_align_top bt_bb_animation_fade_in animate bt_bb_padding_normal\"  data-width=\"12\" data-bt-override-class=\"{}\"><div class=\"bt_bb_column_inner_content\"><header class=\"bt_bb_headline bt_bb_color_scheme_1 bt_bb_dash_top bt_bb_superheadline bt_bb_superheadline_outside bt_bb_size_medium bt_bb_align_inherit\" style=\"; --primary-color:#ffffff; --secondary-color:#191919;\" data-bt-override-class=\"{&quot;bt_bb_size_&quot;:{&quot;current_class&quot;:&quot;bt_bb_size_medium&quot;,&quot;def&quot;:&quot;medium&quot;,&quot;xl&quot;:&quot;medium&quot;},&quot;bt_bb_align_&quot;:{&quot;current_class&quot;:&quot;bt_bb_align_inherit&quot;,&quot;def&quot;:&quot;inherit&quot;,&quot;xl&quot;:&quot;inherit&quot;}}\"><div class=\"bt_bb_headline_superheadline_outside\"><span class=\"bt_bb_headline_superheadline\">HIZLI BIR \u015eEKILDE \u00c7\u00d6Z\u00dcM ALIN<\/span><\/div><h3 class=\"bt_bb_headline_tag\"><span class=\"bt_bb_headline_content\"><span>Birinci s\u0131n\u0131f bir dan\u0131\u015fman m\u0131 ar\u0131yorsunuz?<\/span><\/span><\/h3><\/header><div class=\"bt_bb_separator bt_bb_border_style_none bt_bb_bottom_spacing_normal\" data-bt-override-class=\"null\"><\/div><div class=\"bt_bb_button bt_bb_color_scheme_6 bt_bb_icon_position_left bt_bb_style_filled bt_bb_size_normal bt_bb_width_inline bt_bb_shape_inherit bt_bb_target_self bt_bb_align_right\" style=\"; --primary-color:#ffffff; --secondary-color:#e94d65;\" data-bt-override-class=\"{&quot;bt_bb_size_&quot;:{&quot;current_class&quot;:&quot;bt_bb_size_normal&quot;,&quot;def&quot;:&quot;normal&quot;,&quot;xl&quot;:&quot;normal&quot;},&quot;bt_bb_align_&quot;:{&quot;current_class&quot;:&quot;bt_bb_align_right&quot;,&quot;def&quot;:&quot;right&quot;,&quot;xl&quot;:&quot;right&quot;}}\"><a href=\"#\" target=\"_self\" class=\"bt_bb_link\" title=\"Buradan fiyat teklifi isteyin\"><span class=\"bt_bb_button_text\" >Buradan fiyat teklifi isteyin<\/span><\/a><\/div><\/div><\/div><\/div><\/div><div class=\"bt_bb_separator bt_bb_border_style_none bt_bb_top_spacing_medium bt_bb_bottom_spacing_medium\" data-bt-override-class=\"null\"><\/div><\/div><\/div><\/div><\/div><\/div><!-- cell_inner --><\/div><!-- cell --><\/div><!-- port --><\/section><\/p>","protected":false},"excerpt":{"rendered":"","protected":false},"author":1,"featured_media":1819,"parent":0,"menu_order":0,"comment_status":"closed","ping_status":"closed","template":"","meta":{"footnotes":""},"class_list":["post-2961","page","type-page","status-publish","has-post-thumbnail","hentry"],"_links":{"self":[{"href":"https:\/\/compendus.com\/tr\/wp-json\/wp\/v2\/pages\/2961","targetHints":{"allow":["GET"]}}],"collection":[{"href":"https:\/\/compendus.com\/tr\/wp-json\/wp\/v2\/pages"}],"about":[{"href":"https:\/\/compendus.com\/tr\/wp-json\/wp\/v2\/types\/page"}],"author":[{"embeddable":true,"href":"https:\/\/compendus.com\/tr\/wp-json\/wp\/v2\/users\/1"}],"replies":[{"embeddable":true,"href":"https:\/\/compendus.com\/tr\/wp-json\/wp\/v2\/comments?post=2961"}],"version-history":[{"count":13,"href":"https:\/\/compendus.com\/tr\/wp-json\/wp\/v2\/pages\/2961\/revisions"}],"predecessor-version":[{"id":3436,"href":"https:\/\/compendus.com\/tr\/wp-json\/wp\/v2\/pages\/2961\/revisions\/3436"}],"wp:featuredmedia":[{"embeddable":true,"href":"https:\/\/compendus.com\/tr\/wp-json\/wp\/v2\/media\/1819"}],"wp:attachment":[{"href":"https:\/\/compendus.com\/tr\/wp-json\/wp\/v2\/media?parent=2961"}],"curies":[{"name":"wp","href":"https:\/\/api.w.org\/{rel}","templated":true}]}}