{"id":1611,"date":"2019-04-01T10:22:11","date_gmt":"2019-04-01T10:22:11","guid":{"rendered":"http:\/\/avantage.bold-themes.com\/business\/?page_id=1611"},"modified":"2021-12-28T14:45:14","modified_gmt":"2021-12-28T13:45:14","slug":"location","status":"publish","type":"page","link":"https:\/\/compendus.com\/tr\/location\/","title":{"rendered":"Konum"},"content":{"rendered":"<section id=\"bt_bb_section69ee0f4b7bc7d\" class=\"bt_bb_section bt_bb_layout_wide bt_bb_vertical_align_top\"  data-bt-override-class=\"null\"><div class=\"bt_bb_port\"><div class=\"bt_bb_cell\"><div class=\"bt_bb_cell_inner\"><div class=\"bt_bb_row\"  data-bt-override-class=\"{}\"><div class=\"bt_bb_row_holder\" ><div  class=\"bt_bb_column col-xl-12 bt_bb_align_left bt_bb_vertical_align_top bt_bb_animation_fade_in animate bt_bb_padding_normal\"  data-width=\"12\" data-bt-override-class=\"{}\"><div class=\"bt_bb_column_content\"><div class=\"bt_bb_google_maps bt_bb_map bt_bb_google_maps_with_content bt_bb_map_with_content\" data-center=\"yes\"><div class=\"bt_bb_google_maps_map bt_bb_map_map\" id=\"map_canvas69ee0f4b7bf0b\" data-height=\"0\" data-api-key=\"AIzaSyAr7-QkuRk9F7s0HJuGM9SPhzEfRsMhuw0\" data-map-type=\"interactive\" data-zoom=\"4\" data-init-finished=\"false\" data-custom-style=\"WwogICAgewogICAgICAgICJmZWF0dXJlVHlwZSI6ICJhbGwiLAogICAgICAgICJzdHlsZXJzIjogWwogICAgICAgICAgICB7CiAgICAgICAgICAgICAgICAic2F0dXJhdGlvbiI6IDAKICAgICAgICAgICAgfSwKICAgICAgICAgICAgewogICAgICAgICAgICAgICAgImh1ZSI6ICIjZTdlY2YwIgogICAgICAgICAgICB9CiAgICAgICAgXQogICAgfSwKICAgIHsKICAgICAgICAiZmVhdHVyZVR5cGUiOiAicm9hZCIsCiAgICAgICAgInN0eWxlcnMiOiBbCiAgICAgICAgICAgIHsKICAgICAgICAgICAgICAgICJzYXR1cmF0aW9uIjogLTcwCiAgICAgICAgICAgIH0KICAgICAgICBdCiAgICB9LAogICAgewogICAgICAgICJmZWF0dXJlVHlwZSI6ICJ0cmFuc2l0IiwKICAgICAgICAic3R5bGVycyI6IFsKICAgICAgICAgICAgewogICAgICAgICAgICAgICAgInZpc2liaWxpdHkiOiAib2ZmIgogICAgICAgICAgICB9CiAgICAgICAgXQogICAgfSwKICAgIHsKICAgICAgICAiZmVhdHVyZVR5cGUiOiAicG9pIiwKICAgICAgICAic3R5bGVycyI6IFsKICAgICAgICAgICAgewogICAgICAgICAgICAgICAgInZpc2liaWxpdHkiOiAib2ZmIgogICAgICAgICAgICB9CiAgICAgICAgXQogICAgfSwKICAgIHsKICAgICAgICAiZmVhdHVyZVR5cGUiOiAid2F0ZXIiLAogICAgICAgICJzdHlsZXJzIjogWwogICAgICAgICAgICB7CiAgICAgICAgICAgICAgICAidmlzaWJpbGl0eSI6ICJzaW1wbGlmaWVkIgogICAgICAgICAgICB9LAogICAgICAgICAgICB7CiAgICAgICAgICAgICAgICAic2F0dXJhdGlvbiI6IC02MAogICAgICAgICAgICB9CiAgICAgICAgXQogICAgfQpd\"><\/div><span class=\"bt_bb_google_maps_content_toggler bt_bb_map_content_toggler\"><\/span><div class=\"bt_bb_google_maps_content bt_bb_map_content\"><div class=\"bt_bb_google_maps_content_wrapper bt_bb_map_content_wrapper\"><div class=\"bt_bb_google_maps_location bt_bb_map_location\" data-lat=\"36.731321\" data-lng=\"34.500096\" data-icon=\"https:\/\/compendus.com\/wp-content\/uploads\/2021\/12\/maps-icon-e1640094764846.png\"><div class=\"bt_bb_image bt_bb_shape_square bt_bb_target_self bt_bb_align_inherit bt_bb_hover_style_simple bt_bb_content_display_always bt_bb_content_align_middle bt_bb_fill_background_color_full\" data-bt-override-class=\"{&quot;bt_bb_align_&quot;:{&quot;current_class&quot;:&quot;bt_bb_align_inherit&quot;,&quot;def&quot;:&quot;inherit&quot;,&quot;xl&quot;:&quot;inherit&quot;}}\"><span><img loading=\"lazy\" decoding=\"async\" width=\"370\" height=\"229\" src=\"https:\/\/compendus.com\/wp-content\/uploads\/2021\/12\/officeMersin.webp\" class=\"attachment-medium_large size-medium_large\" alt=\"https:\/\/compendus.com\/wp-content\/uploads\/2021\/12\/officeMersin.webp\" data-full_image_src=\"https:\/\/compendus.com\/wp-content\/uploads\/2021\/12\/officeMersin.webp\" title=\"officeMersin\" srcset=\"https:\/\/compendus.com\/wp-content\/uploads\/2021\/12\/officeMersin.webp 370w, https:\/\/compendus.com\/wp-content\/uploads\/2021\/12\/officeMersin-320x198.webp 320w\" sizes=\"auto, (max-width: 370px) 100vw, 370px\" \/><\/span><\/div><div class=\"bt_bb_separator bt_bb_border_style_none bt_bb_top_spacing_normal bt_bb_bottom_spacing_normal\" data-bt-override-class=\"null\"><\/div><header class=\"bt_bb_headline bt_bb_dash_none bt_bb_subheadline bt_bb_size_normal bt_bb_align_inherit\" data-bt-override-class=\"{&quot;bt_bb_size_&quot;:{&quot;current_class&quot;:&quot;bt_bb_size_normal&quot;,&quot;def&quot;:&quot;normal&quot;,&quot;xl&quot;:&quot;normal&quot;},&quot;bt_bb_align_&quot;:{&quot;current_class&quot;:&quot;bt_bb_align_inherit&quot;,&quot;def&quot;:&quot;inherit&quot;,&quot;xl&quot;:&quot;inherit&quot;}}\"><h5 class=\"bt_bb_headline_tag\"><span class=\"bt_bb_headline_content\"><span><u>Mersin<\/u> <b>Office<\/b><u>\/ T\u00fcrkei<\/u><\/span><\/span><\/h5><div class=\"bt_bb_headline_subheadline\">Ajans\u0131m\u0131z\u0131 ziyaret edebilir veya diledi\u011finiz zaman bize e-posta g\u00f6nderebilirsiniz. Sorular\u0131n\u0131z i\u00e7in bizimle memnuniyetle ileti\u015fime ge\u00e7ebilirsiniz.<\/div><\/header><div class=\"bt_bb_separator bt_bb_border_style_solid bt_bb_top_spacing_normal bt_bb_bottom_spacing_normal\" style=\"; border-width: 2px\" data-bt-override-class=\"null\"><\/div><div class=\"bt_bb_service bt_bb_color_scheme_4 bt_bb_style_borderless bt_bb_shape_circle bt_bb_size_large bt_bb_align_inherit bt_bb_vertical_align_top\" style=\"; --service-primary-color:#e94d65; --service-secondary-color:#ffffff;\" data-bt-override-class=\"null\"><span  data-ico-businesspeople=\"&#xe901;\" class=\"bt_bb_icon_holder\"><\/span><div class=\"bt_bb_service_content\"><div class=\"bt_bb_service_content_title\"><u>Adres<\/u><\/div><div class=\"bt_bb_service_content_text\">Akdeniz mah.<br \/><br \/>\n33200 Mezitli \/ Mersin T\u00fcrkiye<\/div><\/div><\/div><div class=\"bt_bb_separator bt_bb_border_style_none bt_bb_top_spacing_small bt_bb_bottom_spacing_small\" data-bt-override-class=\"null\"><\/div><div class=\"bt_bb_service bt_bb_color_scheme_4 bt_bb_style_borderless bt_bb_shape_circle bt_bb_size_large bt_bb_align_inherit bt_bb_vertical_align_top\" style=\"; --service-primary-color:#e94d65; --service-secondary-color:#ffffff;\" data-bt-override-class=\"null\"><a href=\"tel:00905319414803\"  target=\"_self\"  title=\"Telefon\"  data-ico-businesspeople=\"&#xe919;\" class=\"bt_bb_icon_holder\"><\/a><div class=\"bt_bb_service_content\"><div class=\"bt_bb_service_content_title\"><a href=\"tel:00905319414803\" target=\"_self\"><u>Telefon<\/u><\/a><\/div><div class=\"bt_bb_service_content_text\">+90 531 941 48 03<br \/><br \/>\n<\/div><\/div><\/div><div class=\"bt_bb_separator bt_bb_border_style_none bt_bb_top_spacing_small bt_bb_bottom_spacing_small\" data-bt-override-class=\"null\"><\/div><div class=\"bt_bb_service bt_bb_color_scheme_4 bt_bb_style_borderless bt_bb_shape_circle bt_bb_size_large bt_bb_align_inherit bt_bb_vertical_align_top\" style=\"; --service-primary-color:#e94d65; --service-secondary-color:#ffffff;\" data-bt-override-class=\"null\"><a href=\"mailto:info@compendus.com\"  target=\"_self\"  title=\"E-posta\"  data-ico-businesspeople=\"&#xe910;\" class=\"bt_bb_icon_holder\"><\/a><div class=\"bt_bb_service_content\"><div class=\"bt_bb_service_content_title\"><a href=\"mailto:info@compendus.com\" target=\"_self\"><u>E-posta<\/u><\/a><\/div><div class=\"bt_bb_service_content_text\">info@compendus.com<\/div><\/div><\/div><\/div><div class=\"bt_bb_google_maps_location bt_bb_map_location\" data-lat=\"52.27781\" data-lng=\"6.16949\" data-icon=\"https:\/\/compendus.com\/wp-content\/uploads\/2021\/12\/maps-icon-e1640094764846.png\"><div class=\"bt_bb_image bt_bb_shape_square bt_bb_target_self bt_bb_align_inherit bt_bb_hover_style_simple bt_bb_content_display_always bt_bb_content_align_middle bt_bb_fill_background_color_full\" data-bt-override-class=\"{&quot;bt_bb_align_&quot;:{&quot;current_class&quot;:&quot;bt_bb_align_inherit&quot;,&quot;def&quot;:&quot;inherit&quot;,&quot;xl&quot;:&quot;inherit&quot;}}\"><span><img loading=\"lazy\" decoding=\"async\" width=\"768\" height=\"512\" src=\"https:\/\/compendus.com\/wp-content\/uploads\/2021\/12\/deventer-office-768x512.jpg\" class=\"attachment-medium_large size-medium_large\" alt=\"https:\/\/compendus.com\/wp-content\/uploads\/2021\/12\/deventer-office-768x512.jpg\" data-full_image_src=\"https:\/\/compendus.com\/wp-content\/uploads\/2021\/12\/deventer-office.jpg\" title=\"deventer-office\" srcset=\"https:\/\/compendus.com\/wp-content\/uploads\/2021\/12\/deventer-office-768x512.jpg 768w, https:\/\/compendus.com\/wp-content\/uploads\/2021\/12\/deventer-office-640x426.jpg 640w, https:\/\/compendus.com\/wp-content\/uploads\/2021\/12\/deventer-office-320x213.jpg 320w, https:\/\/compendus.com\/wp-content\/uploads\/2021\/12\/deventer-office-600x400.jpg 600w, https:\/\/compendus.com\/wp-content\/uploads\/2021\/12\/deventer-office.jpg 1024w\" sizes=\"auto, (max-width: 768px) 100vw, 768px\" \/><\/span><\/div><div class=\"bt_bb_separator bt_bb_border_style_none bt_bb_top_spacing_normal bt_bb_bottom_spacing_normal\" data-bt-override-class=\"null\"><\/div><header class=\"bt_bb_headline bt_bb_dash_none bt_bb_subheadline bt_bb_size_normal bt_bb_align_inherit\" data-bt-override-class=\"{&quot;bt_bb_size_&quot;:{&quot;current_class&quot;:&quot;bt_bb_size_normal&quot;,&quot;def&quot;:&quot;normal&quot;,&quot;xl&quot;:&quot;normal&quot;},&quot;bt_bb_align_&quot;:{&quot;current_class&quot;:&quot;bt_bb_align_inherit&quot;,&quot;def&quot;:&quot;inherit&quot;,&quot;xl&quot;:&quot;inherit&quot;}}\"><h5 class=\"bt_bb_headline_tag\"><span class=\"bt_bb_headline_content\"><span><u>Deventer<\/u> <b>Office<\/b><\/span><\/span><\/h5><div class=\"bt_bb_headline_subheadline\">Ajans\u0131m\u0131z\u0131 ziyaret edebilir veya diledi\u011finiz zaman bize e-posta g\u00f6nderebilirsiniz. Sorular\u0131n\u0131z i\u00e7in bizimle memnuniyetle ileti\u015fime ge\u00e7ebilirsiniz.<\/div><\/header><div class=\"bt_bb_separator bt_bb_border_style_solid bt_bb_top_spacing_normal bt_bb_bottom_spacing_normal\" style=\"; border-width: 2px\" data-bt-override-class=\"null\"><\/div><div class=\"bt_bb_service bt_bb_color_scheme_4 bt_bb_style_borderless bt_bb_shape_circle bt_bb_size_large bt_bb_align_inherit bt_bb_vertical_align_top\" style=\"; --service-primary-color:#e94d65; --service-secondary-color:#ffffff;\" data-bt-override-class=\"null\"><span  data-ico-businesspeople=\"&#xe901;\" class=\"bt_bb_icon_holder\"><\/span><div class=\"bt_bb_service_content\"><div class=\"bt_bb_service_content_title\"><u>Adres<\/u><\/div><div class=\"bt_bb_service_content_text\">7415NK Deventer \/ Niederlande<br \/><br \/>\n<\/div><\/div><\/div><div class=\"bt_bb_separator bt_bb_border_style_none bt_bb_top_spacing_small bt_bb_bottom_spacing_small\" data-bt-override-class=\"null\"><\/div><div class=\"bt_bb_service bt_bb_color_scheme_4 bt_bb_style_borderless bt_bb_shape_circle bt_bb_size_large bt_bb_align_inherit bt_bb_vertical_align_top\" style=\"; --service-primary-color:#e94d65; --service-secondary-color:#ffffff;\" data-bt-override-class=\"null\"><a href=\"tel:00498925007713\"  target=\"_self\"  title=\"Telefon\"  data-ico-businesspeople=\"&#xe919;\" class=\"bt_bb_icon_holder\"><\/a><div class=\"bt_bb_service_content\"><div class=\"bt_bb_service_content_title\"><a href=\"tel:00498925007713\" target=\"_self\"><u>Telefon<\/u><\/a><\/div><div class=\"bt_bb_service_content_text\">+31 622 33 78 08<br \/><br \/>\n+49 89 2500 77 13<\/div><\/div><\/div><div class=\"bt_bb_separator bt_bb_border_style_none bt_bb_top_spacing_small bt_bb_bottom_spacing_small\" data-bt-override-class=\"null\"><\/div><div class=\"bt_bb_service bt_bb_color_scheme_4 bt_bb_style_borderless bt_bb_shape_circle bt_bb_size_large bt_bb_align_inherit bt_bb_vertical_align_top\" style=\"; --service-primary-color:#e94d65; --service-secondary-color:#ffffff;\" data-bt-override-class=\"null\"><a href=\"mailto:info@compendus.com\"  target=\"_self\"  title=\"E-posta\"  data-ico-businesspeople=\"&#xe910;\" class=\"bt_bb_icon_holder\"><\/a><div class=\"bt_bb_service_content\"><div class=\"bt_bb_service_content_title\"><a href=\"mailto:info@compendus.com\" target=\"_self\"><u>E-posta<\/u><\/a><\/div><div class=\"bt_bb_service_content_text\">info@compendus.com<\/div><\/div><\/div><\/div><\/div><\/div><\/div><\/div><\/div><\/div><\/div><\/div><!-- cell_inner --><\/div><!-- cell --><\/div><!-- port --><\/section>","protected":false},"excerpt":{"rendered":"","protected":false},"author":1,"featured_media":1828,"parent":0,"menu_order":0,"comment_status":"closed","ping_status":"closed","template":"","meta":{"footnotes":""},"class_list":["post-1611","page","type-page","status-publish","has-post-thumbnail","hentry"],"_links":{"self":[{"href":"https:\/\/compendus.com\/tr\/wp-json\/wp\/v2\/pages\/1611","targetHints":{"allow":["GET"]}}],"collection":[{"href":"https:\/\/compendus.com\/tr\/wp-json\/wp\/v2\/pages"}],"about":[{"href":"https:\/\/compendus.com\/tr\/wp-json\/wp\/v2\/types\/page"}],"author":[{"embeddable":true,"href":"https:\/\/compendus.com\/tr\/wp-json\/wp\/v2\/users\/1"}],"replies":[{"embeddable":true,"href":"https:\/\/compendus.com\/tr\/wp-json\/wp\/v2\/comments?post=1611"}],"version-history":[{"count":9,"href":"https:\/\/compendus.com\/tr\/wp-json\/wp\/v2\/pages\/1611\/revisions"}],"predecessor-version":[{"id":2809,"href":"https:\/\/compendus.com\/tr\/wp-json\/wp\/v2\/pages\/1611\/revisions\/2809"}],"wp:featuredmedia":[{"embeddable":true,"href":"https:\/\/compendus.com\/tr\/wp-json\/wp\/v2\/media\/1828"}],"wp:attachment":[{"href":"https:\/\/compendus.com\/tr\/wp-json\/wp\/v2\/media?parent=1611"}],"curies":[{"name":"wp","href":"https:\/\/api.w.org\/{rel}","templated":true}]}}